{"id":2,"date":"2016-05-10T03:48:21","date_gmt":"2016-05-10T03:48:21","guid":{"rendered":"http:\/\/xn--nylonbr-bxa.de\/?page_id=2"},"modified":"2024-03-13T10:56:46","modified_gmt":"2024-03-13T10:56:46","slug":"sample-page","status":"publish","type":"page","link":"https:\/\/xn--nylonbr-bxa.de\/?page_id=2","title":{"rendered":"Anfang"},"content":{"rendered":"<p><img loading=\"lazy\" decoding=\"async\" class=\"aligncenter size-medium wp-image-36\" src=\"http:\/\/xn--nylonbr-bxa.de\/wp-content\/uploads\/2016\/05\/pf_1491290512-300x208.jpg\" alt=\"\" width=\"300\" height=\"208\" srcset=\"https:\/\/xn--nylonbr-bxa.de\/wp-content\/uploads\/2016\/05\/pf_1491290512-300x208.jpg 300w, https:\/\/xn--nylonbr-bxa.de\/wp-content\/uploads\/2016\/05\/pf_1491290512-768x533.jpg 768w, https:\/\/xn--nylonbr-bxa.de\/wp-content\/uploads\/2016\/05\/pf_1491290512-1024x711.jpg 1024w, https:\/\/xn--nylonbr-bxa.de\/wp-content\/uploads\/2016\/05\/pf_1491290512-331x230.jpg 331w\" sizes=\"auto, (max-width: 300px) 100vw, 300px\" \/><\/p>\n<p>&nbsp;<\/p>\n<p style=\"text-align: center;\">Dies hier ist die eigentliche Startseite. Hier werde ich mich in K\u00fcrze vorstellen.<\/p>\n<p style=\"text-align: center;\">Viel Spa\u00df auf meinen Seiten und mit meinen Beitr\u00e4gen.<\/p>\n<p style=\"text-align: center;\">Kommentare sind nat\u00fcrlich gern gesehen. Beachtet bitte, dass Ihr sachlich bleibt. Unsachliche oder beleidigende Kommentare, sowie solche die gegen geltendes Recht versto\u00dfen, werden von mir gel\u00f6scht.<\/p>\n","protected":false},"excerpt":{"rendered":"<p>&nbsp; Dies hier ist die eigentliche Startseite. Hier werde ich mich in K\u00fcrze vorstellen. Viel Spa\u00df auf meinen Seiten und mit meinen Beitr\u00e4gen. Kommentare sind nat\u00fcrlich gern gesehen. Beachtet bitte, dass Ihr sachlich bleibt. Unsachliche oder beleidigende Kommentare, sowie solche die gegen geltendes Recht versto\u00dfen, werden von mir gel\u00f6scht.<\/p>\n","protected":false},"author":1,"featured_media":0,"parent":0,"menu_order":0,"comment_status":"closed","ping_status":"open","template":"","meta":{"footnotes":""},"class_list":["post-2","page","type-page","status-publish","hentry"],"_links":{"self":[{"href":"https:\/\/xn--nylonbr-bxa.de\/index.php?rest_route=\/wp\/v2\/pages\/2","targetHints":{"allow":["GET"]}}],"collection":[{"href":"https:\/\/xn--nylonbr-bxa.de\/index.php?rest_route=\/wp\/v2\/pages"}],"about":[{"href":"https:\/\/xn--nylonbr-bxa.de\/index.php?rest_route=\/wp\/v2\/types\/page"}],"author":[{"embeddable":true,"href":"https:\/\/xn--nylonbr-bxa.de\/index.php?rest_route=\/wp\/v2\/users\/1"}],"replies":[{"embeddable":true,"href":"https:\/\/xn--nylonbr-bxa.de\/index.php?rest_route=%2Fwp%2Fv2%2Fcomments&post=2"}],"version-history":[{"count":5,"href":"https:\/\/xn--nylonbr-bxa.de\/index.php?rest_route=\/wp\/v2\/pages\/2\/revisions"}],"predecessor-version":[{"id":82,"href":"https:\/\/xn--nylonbr-bxa.de\/index.php?rest_route=\/wp\/v2\/pages\/2\/revisions\/82"}],"wp:attachment":[{"href":"https:\/\/xn--nylonbr-bxa.de\/index.php?rest_route=%2Fwp%2Fv2%2Fmedia&parent=2"}],"curies":[{"name":"wp","href":"https:\/\/api.w.org\/{rel}","templated":true}]}}